{"id":213,"date":"2016-07-22T20:07:03","date_gmt":"2016-07-23T02:07:03","guid":{"rendered":"http:\/\/davidzamorano.com\/espondilitis\/klebsiella-copy\/"},"modified":"2016-11-23T03:49:25","modified_gmt":"2016-11-23T09:49:25","slug":"buscadolacura","status":"publish","type":"page","link":"https:\/\/davidzamorano.com\/espondilitis\/buscadolacura\/","title":{"rendered":"Buscando la cura"},"content":{"rendered":"<h2>Antecedentes<\/h2>\n<p>Mi pap\u00e1 tiene Espondilitis Anquilosante. De ni\u00f1o sufri\u00f3 una neumon\u00eda con hemorragia en el pulm\u00f3n. Pocos a\u00f1os despu\u00e9s comenzaron sus dolores en las articulaciones. A los 17 a\u00f1os, por un mal diagn\u00f3stico lo enyesaron de pies a cuello durante tres meses. Se peg\u00f3 todo su cuerpo.<br \/>\n&nbsp;<br \/>\nDesde ni\u00f1o he conocido la enfermedad de cerca. Pero nunca tuve los s\u00edntomas hasta el a\u00f1o pasado, que me enferm\u00e9 de una infecci\u00f3n en las v\u00edas urinarias, y meses despu\u00e9s del est\u00f3mago. A los pocos d\u00edas ten\u00eda unos dolores insoportables en los m\u00fasculos. Tom\u00e9 ciprofloxcacina por 21 d\u00edas, lo cual elimin\u00f3 la gripe y los escalofr\u00edos, pero el dolor se qued\u00f3 conmigo, todos los d\u00edas, a cada minuto.<br \/>\n&nbsp;<br \/>\nHablando con mi pap\u00e1, poco a poco fui descubriendo que ahora tambi\u00e9n padec\u00eda su enfermedad, la cual hab\u00eda aparecido en mi de la noche a la ma\u00f1ana.<\/p>\n<h2>Buscando la cura<\/h2>\n<p>En pocas semanas pas\u00e9 por todas las etapas de p\u00e9rdida&#8230; desde negaci\u00f3n hasta el llanto. Intent\u00e9 dejar los antiinflamatorios durante un tiempo y probar alternativas. Poco a poco fui aceptando que ten\u00eda una nueva condici\u00f3n y que ten\u00eda que aprender a vivir con ella. Ahora he logrado medir mis dosis de antiinflamatorio, pero el tiempo que estuve sin el medicamento me forz\u00f3 a investigar m\u00e1s sobre esta enfermedad y encontr\u00e9 documentaci\u00f3n muy interesante en Internet sobre nuevos descubrimientos de investigadores y personas que padecen esta enfermedad y que se han reunido en foros para compartir sus experiencias.<\/p>\n<p>En esta peque\u00f1a investigaci\u00f3n he encontrado lo siguiente:<\/p>\n<ol>\n<li>Hace muchos a\u00f1os el inmun\u00f3logo Alan Ebringer y su equipo descubrieron una correlaci\u00f3n entre los enfermos de Espondilitis Anquilosante y la presencia de Klebisiella pneumoniae en el organismo. El Dr. ha hecho estudios en 5 continentes a m\u00e1s de 1,500 personas que padecen E.A. Todos y cada uno de ellos presentan K. pneumoniae en sus heces.<\/li>\n<li>La K. pneumoniae ataca en dos sitios principalmente: En los pulmones causando neumon\u00eda con hemorragia y en las v\u00edas urinarias.<\/li>\n<li>\u00c9sta bacteria es muy conocida por los doctores, al igual que la enfermedad, sin embargo hasta los especialistas en reumatolog\u00eda ignoran esta relaci\u00f3n entre K. pneumoniae y Espondilitis Anquilosante.<\/li>\n<li>Hay varias cepas de Klebsiella que cobrar muchas vidas al a\u00f1o, incluso en hospitales del primer mundo. Hay algunos antibi\u00f3ticos que pueden eliminar esta bacteria del organismo, aunque la inmunidad de la Klebsiella a estos medicamentos va aumentando.<\/li>\n<li>Hay antibi\u00f3ticos de \u00faltima generaci\u00f3n (Carbapenems) como el Doripenem o el Ertapenem que detienen el metabolismo de la bacteria, exceptuando a la cepa CRKP (Carbapenem Resistant Klebsiella pneumoniae)<\/li>\n<li>Hay otro\u00a0factor importante en los enfermos con Espondilitis Anquilosante: El factor inmunol\u00f3gico (HLA-B27). Las personas que tenemos este factor, tenemos un ant\u00edgeno cuya pared celular es id\u00e9ntica a la Klebsiella pneumoniae, por lo tanto nuestro cuerpo es incapaz de encontrar y entender a la bacteria como un agente externo a nuestro sistema.<\/li>\n<li>El Doctor Alan Ebringer propone una dieta de cero consumo de almid\u00f3n. (El almid\u00f3n son cadenas de az\u00facares que generan las plantas para almacenar energ\u00eda). Muchas personas que han seguido esta dieta, reportan una mejor\u00eda en los primeros 6 meses.<\/li>\n<li>La K. pneumoniae es fermentadora de carbohidratos.<\/li>\n<li>El Doripenem se puede consumir en dosis 4 veces superiores a las recomendadas. En un estudio una de las mayores complicaciones que tuvieron fue la presencia de anemia temporal en uno de los pacientes.<\/li>\n<li>Los antibi\u00f3ticos normales como la cefalosporina funcionan a nivel de las v\u00edas urinarias, y no entran en contacto con el intestino.<\/li>\n<li>Se cree que gran parte de la K. pneumoniae en personas con E.A. se aloja en el intestino.<\/li>\n<li>El Doripenem es administrado de forma intravenosa y tiene un promedio de vida de 1 hora. El Ertapenem, administrado de la misma manera tiene un promedia de vida de 4 horas.<\/li>\n<\/ol>\n<p>Por \u00faltimo quiero agregar que por consejo de una doctora rusa,\u00a0he probado eliminar completa y totalmente el az\u00facar durante un\u00a0mes. La primer semana mis s\u00edntomas aumentaron considerablemente. A partir de la segunda semana tuve una mejor\u00eda asombrosa y pude eliminar el consumo de\u00a0cortisona, que inger\u00eda\u00a0todos los d\u00edas, dejando s\u00f3lo 400mg de Ibuprofeno o 25mg de Indometacina.<\/p>\n<h2>Mi hip\u00f3tesis<\/h2>\n<p>Si los resultados de estas investigaciones del Dr. Ebringer son correctos, la Espondilitis Anquilosante puede ser el resultado de una infecci\u00f3n de K. pneumoniae en un organismo que no tiene alternativa alguna de autodefensa, a causa de\u00a0una deficiencia inmunol\u00f3gica. Esta enfermedad podr\u00eda ser curada con un tratamiento contra la neumon\u00eda.<\/p>\n<p>&nbsp;<\/p>\n<p>Este 2017 mi plan de acci\u00f3n despu\u00e9s de corroborar la presencia de K. pneumoniae en mi organismo (intestino y sangre) ser\u00e1 el siguiente:<\/p>\n<p>&nbsp;<\/p>\n<ol>\n<li>Dieta cero carbohidratos por 30 d\u00edas.<\/li>\n<li>Ingesta de cefalosporina por 7 d\u00edas.<\/li>\n<li>Tratamiento con Ertapenem por 10 d\u00edas.<\/li>\n<\/ol>\n<h2>CONSULTA TAMBI\u00c9N<\/h2>\n<h2>Consulta nuestra\u00a0biblioteca<\/h2>\n<p>&nbsp;<\/p>\n<p>Hemos recopilado distintos art\u00edculos de diversos campos de investigaci\u00f3n.\u00a0La literatura es m\u00e1s especializada y en muchos casos en ingl\u00e9s, sin embargo creemos que es importante tener a la mano la mayor cantidad posible de informaci\u00f3n relevante a nuestra enfermedad.<\/p>\n<p>\t<a href=\"http:\/\/davidzamorano.com\/espondilitis\/articulos\/\" target=\"_self\" role=\"button\"><br \/>\n\t\t\t\t\t\tConsulta la biblioteca<br \/>\n\t\t\t<\/a><\/p>\n<h2>Informaci\u00f3n b\u00e1sica<\/h2>\n<p>&nbsp;<\/p>\n<p>Teor\u00eda del almid\u00f3n<\/p>\n<p>Alan Ebringer<\/p>\n<p><a href=\"https:\/\/es.wikipedia.org\/wiki\/Klebsiella_pneumoniae\" target=\"_blank\">Klebsiella Pneumoniae<\/a><\/p>\n<p><a href=\"https:\/\/es.wikipedia.org\/wiki\/Enterobacteriaceae\" target=\"_blank\">Enterobacteriaceae<\/a><\/p>\n<p><a href=\"https:\/\/es.wikipedia.org\/wiki\/Betalactamasa\" target=\"_blank\">Betalactamasa<\/a><\/p>\n<p><a href=\"https:\/\/es.wikipedia.org\/wiki\/Carbapenem\" target=\"_blank\">Carbapenem<\/a><\/p>\n<p><a href=\"http:\/\/davidzamorano.com\/espondilitis\/disbiosis-intestinal\/\">Disbiosis intestinal<\/a><\/p>\n","protected":false},"excerpt":{"rendered":"<p>Antecedentes Mi pap\u00e1 tiene Espondilitis Anquilosante. De ni\u00f1o sufri\u00f3 una neumon\u00eda con hemorragia en el pulm\u00f3n. Pocos a\u00f1os despu\u00e9s comenzaron sus dolores en las articulaciones. A los 17 a\u00f1os, por un mal diagn\u00f3stico lo enyesaron de pies a cuello durante tres meses. Se peg\u00f3 todo su cuerpo. &nbsp; Desde ni\u00f1o he conocido la enfermedad de&#8230;<\/p>\n","protected":false},"author":1,"featured_media":0,"parent":0,"menu_order":0,"comment_status":"closed","ping_status":"closed","template":"full-width-page.php","meta":[],"_links":{"self":[{"href":"https:\/\/davidzamorano.com\/espondilitis\/wp-json\/wp\/v2\/pages\/213"}],"collection":[{"href":"https:\/\/davidzamorano.com\/espondilitis\/wp-json\/wp\/v2\/pages"}],"about":[{"href":"https:\/\/davidzamorano.com\/espondilitis\/wp-json\/wp\/v2\/types\/page"}],"author":[{"embeddable":true,"href":"https:\/\/davidzamorano.com\/espondilitis\/wp-json\/wp\/v2\/users\/1"}],"replies":[{"embeddable":true,"href":"https:\/\/davidzamorano.com\/espondilitis\/wp-json\/wp\/v2\/comments?post=213"}],"version-history":[{"count":12,"href":"https:\/\/davidzamorano.com\/espondilitis\/wp-json\/wp\/v2\/pages\/213\/revisions"}],"predecessor-version":[{"id":291,"href":"https:\/\/davidzamorano.com\/espondilitis\/wp-json\/wp\/v2\/pages\/213\/revisions\/291"}],"wp:attachment":[{"href":"https:\/\/davidzamorano.com\/espondilitis\/wp-json\/wp\/v2\/media?parent=213"}],"curies":[{"name":"wp","href":"https:\/\/api.w.org\/{rel}","templated":true}]}}