{"id":209,"date":"2016-07-21T02:02:21","date_gmt":"2016-07-21T08:02:21","guid":{"rendered":"http:\/\/davidzamorano.com\/espondilitis\/klebsiella-copy\/"},"modified":"2019-08-20T12:54:16","modified_gmt":"2019-08-20T18:54:16","slug":"contribuye","status":"publish","type":"page","link":"https:\/\/davidzamorano.com\/espondilitis\/contribuye\/","title":{"rendered":"Contribuye"},"content":{"rendered":"<h2>Contribuye<\/h2>\n<p>La finalidad de este sitio es distribuir la mayor cantidad de informaci\u00f3n sobre investigaciones y avances realizados por cient\u00edficos en distintas \u00e1reas. Estas investigaciones y descubrimientos dif\u00edcilmente llegan a mano de los doctores en periodos menores a diez a\u00f1os, por lo que es fundamental que entre los espondil\u00edticos e investigadores establezcamos un canal de comunicaci\u00f3n directo. Si tienes alguna contribuci\u00f3n o conocimiento de alg\u00fan m\u00e9todo alternativo viable, por favor cont\u00e1ctanos. Cada esfuerzo es importante para que juntos encontremos la cura.<\/p>\n<p style=\"text-align: left;\">Contacto:<\/p>\n<p style=\"text-align: left;\">info@davidzamorano.com<\/p>\n<p style=\"text-align: left;\">+52 55 5537 9357<\/p>\n<p style=\"text-align: left;\">Ciudad de M\u00e9xico<\/p>\n<div role=\"form\" class=\"wpcf7\" id=\"wpcf7-f309-o1\" lang=\"en-US\" dir=\"ltr\">\n<div class=\"screen-reader-response\"><p role=\"status\" aria-live=\"polite\" aria-atomic=\"true\"><\/p> <ul><\/ul><\/div>\n<form action=\"\/espondilitis\/wp-json\/wp\/v2\/pages\/209#wpcf7-f309-o1\" method=\"post\" class=\"wpcf7-form init\" novalidate=\"novalidate\" data-status=\"init\">\n<div style=\"display: none;\">\n<input type=\"hidden\" name=\"_wpcf7\" value=\"309\" \/>\n<input type=\"hidden\" name=\"_wpcf7_version\" value=\"5.5.2\" \/>\n<input type=\"hidden\" name=\"_wpcf7_locale\" value=\"en_US\" \/>\n<input type=\"hidden\" name=\"_wpcf7_unit_tag\" value=\"wpcf7-f309-o1\" \/>\n<input type=\"hidden\" name=\"_wpcf7_container_post\" value=\"0\" \/>\n<input type=\"hidden\" name=\"_wpcf7_posted_data_hash\" value=\"\" \/>\n<\/div>\n<p><label> Nombre completo<br \/>\n    <span class=\"wpcf7-form-control-wrap your-name\"><input type=\"text\" name=\"your-name\" value=\"\" size=\"40\" class=\"wpcf7-form-control wpcf7-text wpcf7-validates-as-required\" aria-required=\"true\" aria-invalid=\"false\" \/><\/span> <\/label><\/p>\n<p><label> Correo electr\u00f3nico<br \/>\n    <span class=\"wpcf7-form-control-wrap your-email\"><input type=\"email\" name=\"your-email\" value=\"\" size=\"40\" class=\"wpcf7-form-control wpcf7-text wpcf7-email wpcf7-validates-as-required wpcf7-validates-as-email\" aria-required=\"true\" aria-invalid=\"false\" \/><\/span> <\/label><\/p>\n<p><label> Tu mensaje<br \/>\n    <span class=\"wpcf7-form-control-wrap your-message\"><textarea name=\"your-message\" cols=\"40\" rows=\"10\" class=\"wpcf7-form-control wpcf7-textarea wpcf7-validates-as-required\" aria-required=\"true\" aria-invalid=\"false\"><\/textarea><\/span> <\/label><br \/>\n<div class=\"anr_captcha_field\"><div id=\"anr_captcha_field_1\" class=\"anr_captcha_field_div\"><\/div><\/div><span class=\"wpcf7-form-control-wrap g-recaptcha-response\"><span class=\"wpcf7-form-control\"><\/span><\/span><br \/>\n<input type=\"submit\" value=\"Enviar\" class=\"wpcf7-form-control has-spinner wpcf7-submit\" \/><\/p>\n<div class=\"wpcf7-response-output\" aria-hidden=\"true\"><\/div><\/form><\/div>\n","protected":false},"excerpt":{"rendered":"<p>Contribuye La finalidad de este sitio es distribuir la mayor cantidad de informaci\u00f3n sobre investigaciones y avances realizados por cient\u00edficos en distintas \u00e1reas. Estas investigaciones y descubrimientos dif\u00edcilmente llegan a mano de los doctores en periodos menores a diez a\u00f1os, por lo que es fundamental que entre los espondil\u00edticos e investigadores establezcamos un canal de&#8230;<\/p>\n","protected":false},"author":1,"featured_media":0,"parent":0,"menu_order":0,"comment_status":"closed","ping_status":"closed","template":"full-width-page.php","meta":[],"_links":{"self":[{"href":"https:\/\/davidzamorano.com\/espondilitis\/wp-json\/wp\/v2\/pages\/209"}],"collection":[{"href":"https:\/\/davidzamorano.com\/espondilitis\/wp-json\/wp\/v2\/pages"}],"about":[{"href":"https:\/\/davidzamorano.com\/espondilitis\/wp-json\/wp\/v2\/types\/page"}],"author":[{"embeddable":true,"href":"https:\/\/davidzamorano.com\/espondilitis\/wp-json\/wp\/v2\/users\/1"}],"replies":[{"embeddable":true,"href":"https:\/\/davidzamorano.com\/espondilitis\/wp-json\/wp\/v2\/comments?post=209"}],"version-history":[{"count":8,"href":"https:\/\/davidzamorano.com\/espondilitis\/wp-json\/wp\/v2\/pages\/209\/revisions"}],"predecessor-version":[{"id":310,"href":"https:\/\/davidzamorano.com\/espondilitis\/wp-json\/wp\/v2\/pages\/209\/revisions\/310"}],"wp:attachment":[{"href":"https:\/\/davidzamorano.com\/espondilitis\/wp-json\/wp\/v2\/media?parent=209"}],"curies":[{"name":"wp","href":"https:\/\/api.w.org\/{rel}","templated":true}]}}